{"id":34,"date":"2023-12-04T23:42:26","date_gmt":"2023-12-04T22:42:26","guid":{"rendered":"https:\/\/offshore-digital-marketing.com\/index.php\/solutions-basees-sur-les-donnees-et-lart-pour-votre-branding-design-dapplications-strategie-et-medias-sociaux\/"},"modified":"2023-12-04T23:42:26","modified_gmt":"2023-12-04T22:42:26","slug":"solutions-basees-sur-les-donnees-et-lart-pour-votre-branding-design-dapplications-strategie-et-medias-sociaux","status":"publish","type":"page","link":"https:\/\/offshore-digital-marketing.com\/index.php\/solutions-basees-sur-les-donnees-et-lart-pour-votre-branding-design-dapplications-strategie-et-medias-sociaux\/","title":{"rendered":"Solutions bas\u00e9es sur les donn\u00e9es et l&#8217;art pour votre branding, design d&#8217;applications, strat\u00e9gie et m\u00e9dias sociaux"},"content":{"rendered":"<h2>Branding<\/h2>\n<p>Le branding est la cl\u00e9 d&#8217;un projet r\u00e9ussi. Nous vous accompagnons dans la cr\u00e9ation de votre identit\u00e9 de marque en d\u00e9veloppant son univers graphique, son image et tous les outils et supports de communication n\u00e9cessaires.<\/p>\n<h2>Design d&#8217;applications (UX\/UI)<\/h2>\n<p>Une application peut \u00eatre un outil puissant pour renforcer votre pr\u00e9sence en ligne et am\u00e9liorer l&#8217;exp\u00e9rience utilisateur de vos clients. Notre \u00e9quipe de concepteurs exp\u00e9riment\u00e9s cr\u00e9e des designs \u00e9pur\u00e9s et soign\u00e9s en respectant vos directives et en utilisant notre cr\u00e9ativit\u00e9 pour offrir le meilleur r\u00e9sultat.<\/p>\n<h2>Strat\u00e9gie<\/h2>\n<p>Notre \u00e9quipe jeune et dynamique poss\u00e8de une vision \u00e0 360 degr\u00e9s et une forte capacit\u00e9 \u00e0 proposer des id\u00e9es novatrices. Nous vous aidons \u00e0 d\u00e9velopper une strat\u00e9gie marketing compl\u00e8te, en prenant en compte tous les aspects de la communication et de la publicit\u00e9.<\/p>\n<h2>M\u00e9dias sociaux<\/h2>\n<p>La communication sur les r\u00e9seaux sociaux est essentielle pour renforcer votre visibilit\u00e9 et votre notori\u00e9t\u00e9. Nous vous aidons \u00e0 d\u00e9finir le positionnement de votre marque, le ton et le style de communication, ainsi que les supports promotionnels adapt\u00e9s \u00e0 Instagram, Facebook, LinkedIn et autres plateformes.<\/p>\n<h2>Site web<\/h2>\n<p>Nous utilisons une approche avanc\u00e9e de recherche et d&#8217;analyse du comportement des consommateurs pour cr\u00e9er des sites web efficaces. Notre objectif est de vous offrir une exp\u00e9rience utilisateur optimale et de maximiser votre impact en ligne.<\/p>\n<p>Nous sommes un studio de design qui combine l&#8217;analyse des donn\u00e9es avec l&#8217;art pour vous offrir des solutions cr\u00e9atives et efficaces. Contactez-nous d\u00e8s maintenant pour discuter de votre projet.<\/p>\n","protected":false},"excerpt":{"rendered":"<p>Branding Le branding est la cl\u00e9 d&#8217;un projet r\u00e9ussi. Nous vous accompagnons dans la cr\u00e9ation de votre identit\u00e9 de marque en d\u00e9veloppant son univers graphique, son image et tous les outils et supports de communication n\u00e9cessaires. Design d&#8217;applications (UX\/UI) Une application peut \u00eatre un outil puissant pour renforcer votre pr\u00e9sence en ligne et am\u00e9liorer l&#8217;exp\u00e9rience utilisateur de vos clients. Notre \u00e9quipe de concepteurs exp\u00e9riment\u00e9s cr\u00e9e des designs \u00e9pur\u00e9s et soign\u00e9s en respectant vos directives et en utilisant notre cr\u00e9ativit\u00e9 pour offrir le meilleur r\u00e9sultat. Strat\u00e9gie Notre \u00e9quipe jeune et dynamique poss\u00e8de une vision \u00e0 360 degr\u00e9s et une forte capacit\u00e9 \u00e0 proposer des id\u00e9es novatrices. Nous vous aidons \u00e0 d\u00e9velopper une strat\u00e9gie marketing compl\u00e8te, en prenant en compte tous les aspects de la communication et de la publicit\u00e9. M\u00e9dias sociaux La communication sur les r\u00e9seaux sociaux est essentielle pour renforcer votre visibilit\u00e9 et votre notori\u00e9t\u00e9. Nous vous aidons \u00e0 d\u00e9finir le positionnement de votre marque, le ton et le style de communication, ainsi que les supports promotionnels adapt\u00e9s \u00e0 Instagram, Facebook, LinkedIn et autres plateformes. Site web Nous utilisons une approche avanc\u00e9e de recherche et d&#8217;analyse du comportement des consommateurs pour cr\u00e9er des sites web efficaces. Notre objectif est de vous offrir une exp\u00e9rience utilisateur optimale et de maximiser votre impact en ligne. Nous sommes un studio de design qui combine l&#8217;analyse des donn\u00e9es avec l&#8217;art pour vous offrir des solutions cr\u00e9atives et efficaces. Contactez-nous d\u00e8s maintenant pour discuter de votre projet.<\/p>\n","protected":false},"author":1,"featured_media":33,"parent":0,"menu_order":0,"comment_status":"closed","ping_status":"closed","template":"","meta":{"footnotes":""},"class_list":["post-34","page","type-page","status-publish","has-post-thumbnail","hentry"],"aioseo_notices":[],"_links":{"self":[{"href":"https:\/\/offshore-digital-marketing.com\/index.php\/wp-json\/wp\/v2\/pages\/34","targetHints":{"allow":["GET"]}}],"collection":[{"href":"https:\/\/offshore-digital-marketing.com\/index.php\/wp-json\/wp\/v2\/pages"}],"about":[{"href":"https:\/\/offshore-digital-marketing.com\/index.php\/wp-json\/wp\/v2\/types\/page"}],"author":[{"embeddable":true,"href":"https:\/\/offshore-digital-marketing.com\/index.php\/wp-json\/wp\/v2\/users\/1"}],"replies":[{"embeddable":true,"href":"https:\/\/offshore-digital-marketing.com\/index.php\/wp-json\/wp\/v2\/comments?post=34"}],"version-history":[{"count":0,"href":"https:\/\/offshore-digital-marketing.com\/index.php\/wp-json\/wp\/v2\/pages\/34\/revisions"}],"wp:featuredmedia":[{"embeddable":true,"href":"https:\/\/offshore-digital-marketing.com\/index.php\/wp-json\/wp\/v2\/media\/33"}],"wp:attachment":[{"href":"https:\/\/offshore-digital-marketing.com\/index.php\/wp-json\/wp\/v2\/media?parent=34"}],"curies":[{"name":"wp","href":"https:\/\/api.w.org\/{rel}","templated":true}]}}