{"id":17,"date":"2023-12-04T23:26:15","date_gmt":"2023-12-04T22:26:15","guid":{"rendered":"https:\/\/offshore-digital-marketing.com\/index.php\/etude-de-projet-gratuite-developpement-de-maquette-et-lancement-du-developpement-sur-mesure\/"},"modified":"2024-12-16T19:20:46","modified_gmt":"2024-12-16T18:20:46","slug":"etude-de-projet-gratuite-developpement-de-maquette-et-lancement-du-developpement-sur-mesure","status":"publish","type":"page","link":"https:\/\/offshore-digital-marketing.com\/index.php\/etude-de-projet-gratuite-developpement-de-maquette-et-lancement-du-developpement-sur-mesure\/","title":{"rendered":"\u00c9tude de projet gratuite, d\u00e9veloppement de maquette et lancement du d\u00e9veloppement sur mesure"},"content":{"rendered":"\t\t<div data-elementor-type=\"wp-page\" data-elementor-id=\"17\" class=\"elementor elementor-17\" data-elementor-settings=\"{&quot;ha_cmc_init_switcher&quot;:&quot;no&quot;}\">\n\t\t\t\t<div class=\"elementor-element elementor-element-76c809b3 e-flex e-con-boxed wpr-particle-no wpr-jarallax-no wpr-parallax-no wpr-sticky-section-no e-con e-parent\" data-id=\"76c809b3\" data-element_type=\"container\" data-e-type=\"container\" data-settings=\"{&quot;_ha_eqh_enable&quot;:false}\">\n\t\t\t\t\t<div class=\"e-con-inner\">\n\t\t\t\t<div class=\"elementor-element elementor-element-334ecb93 elementor-widget elementor-widget-text-editor\" data-id=\"334ecb93\" data-element_type=\"widget\" data-e-type=\"widget\" data-widget_type=\"text-editor.default\">\n\t\t\t\t<div class=\"elementor-widget-container\">\n\t\t\t\t\t\t\t\t\t<p>Nous proposons une \u00e9tude de projet gratuite pour vous aider \u00e0 concr\u00e9tiser vos id\u00e9es. Notre \u00e9quipe d&#8217;experts analysera vos besoins et vous fournira des recommandations personnalis\u00e9es pour la r\u00e9alisation de votre projet.<\/p>\r\n\r\n<p>Une fois l&#8217;\u00e9tude de projet termin\u00e9e, nous passerons \u00e0 la phase de d\u00e9veloppement de maquette. Cette \u00e9tape est cruciale car elle permet de visualiser l&#8217;apparence et le fonctionnement de votre projet avant de passer \u00e0 sa r\u00e9alisation compl\u00e8te. Nous veillerons \u00e0 ce que la maquette corresponde parfaitement \u00e0 vos attentes et \u00e0 vos sp\u00e9cifications.<\/p>\r\n\r\n<p>Une fois la maquette valid\u00e9e, nous proc\u00e9derons au lancement du d\u00e9veloppement sur mesure. Notre \u00e9quipe de d\u00e9veloppeurs exp\u00e9riment\u00e9s utilisera les technologies les plus adapt\u00e9es pour cr\u00e9er une solution sur mesure r\u00e9pondant \u00e0 vos besoins sp\u00e9cifiques.<\/p>\r\n\r\n<p>Nous offrons deux types de solutions: le d\u00e9veloppement pur et les solutions &#8220;no code&#8221;. Le d\u00e9veloppement pur implique l&#8217;\u00e9criture de code personnalis\u00e9 pour cr\u00e9er une solution enti\u00e8rement adapt\u00e9e \u00e0 vos besoins. Les solutions &#8220;no code&#8221; sont plus souples et utilisent des outils et des plateformes qui permettent de d\u00e9velopper des applications sans \u00e9crire de code. Nous vous aiderons \u00e0 choisir la meilleure approche en fonction de vos besoins et de vos contraintes.<\/p>\r\n\r\n<p>Notre objectif est de vous fournir une solution de qualit\u00e9, adapt\u00e9e \u00e0 vos besoins et \u00e0 votre budget. Contactez-nous d\u00e8s aujourd&#8217;hui pour b\u00e9n\u00e9ficier de notre \u00e9tude de projet gratuite et commencer \u00e0 concr\u00e9tiser vos id\u00e9es.<\/p>\t\t\t\t\t\t\t\t<\/div>\n\t\t\t\t<\/div>\n\t\t\t\t\t<\/div>\n\t\t\t\t<\/div>\n\t\t\t\t<\/div>\n\t\t","protected":false},"excerpt":{"rendered":"<p>\u00c9tude de projet gratuite, d\u00e9veloppement de maquette et lancement du d\u00e9veloppement sur mesure<\/p>\n","protected":false},"author":1,"featured_media":376,"parent":0,"menu_order":0,"comment_status":"closed","ping_status":"closed","template":"elementor_theme","meta":{"footnotes":""},"class_list":["post-17","page","type-page","status-publish","has-post-thumbnail","hentry"],"aioseo_notices":[],"_links":{"self":[{"href":"https:\/\/offshore-digital-marketing.com\/index.php\/wp-json\/wp\/v2\/pages\/17","targetHints":{"allow":["GET"]}}],"collection":[{"href":"https:\/\/offshore-digital-marketing.com\/index.php\/wp-json\/wp\/v2\/pages"}],"about":[{"href":"https:\/\/offshore-digital-marketing.com\/index.php\/wp-json\/wp\/v2\/types\/page"}],"author":[{"embeddable":true,"href":"https:\/\/offshore-digital-marketing.com\/index.php\/wp-json\/wp\/v2\/users\/1"}],"replies":[{"embeddable":true,"href":"https:\/\/offshore-digital-marketing.com\/index.php\/wp-json\/wp\/v2\/comments?post=17"}],"version-history":[{"count":3,"href":"https:\/\/offshore-digital-marketing.com\/index.php\/wp-json\/wp\/v2\/pages\/17\/revisions"}],"predecessor-version":[{"id":419,"href":"https:\/\/offshore-digital-marketing.com\/index.php\/wp-json\/wp\/v2\/pages\/17\/revisions\/419"}],"wp:featuredmedia":[{"embeddable":true,"href":"https:\/\/offshore-digital-marketing.com\/index.php\/wp-json\/wp\/v2\/media\/376"}],"wp:attachment":[{"href":"https:\/\/offshore-digital-marketing.com\/index.php\/wp-json\/wp\/v2\/media?parent=17"}],"curies":[{"name":"wp","href":"https:\/\/api.w.org\/{rel}","templated":true}]}}